{"id":585,"date":"2021-02-09T12:35:36","date_gmt":"2021-02-09T12:35:36","guid":{"rendered":"http:\/\/idejoskapams.lt\/?page_id=585"},"modified":"2025-03-06T12:04:09","modified_gmt":"2025-03-06T12:04:09","slug":"apie-mus","status":"publish","type":"page","link":"https:\/\/idejoskapams.lt\/","title":{"rendered":"Apie mus"},"content":{"rendered":"\n<p class=\"has-medium-font-size\"><strong>Mus rasite: Vaidoto g. 52B Kaunas (netoli Panemun\u0117s kapini\u0173)  <\/strong><\/p>\n\n\n\n<p><\/p>\n\n\n\n<p>Didel\u0117 patirtis kapavie\u010di\u0173 remonte, bei <strong>auk\u0161tasis in\u017einerinis i\u0161silavinimas<\/strong> u\u017etikrina auk\u0161ta padaryt\u0173 darb\u0173 kokyb\u0119, bei tvarius ir ilgaam\u017ei\u0161kus sprendimus kapavie\u010di\u0173 tvarkymo srityje. Puikus kainos ir kokyb\u0117s santykis leid\u017eia klientams d\u017eiaugtis i\u0161pildytais suplanuot\u0173 darb\u0173 sprendiniais .  Pagrindin\u0117 darbo teritorija yra Kauno apskrityje, ta\u010diau <strong>dirbame visoje Lietuvoje.<\/strong> <\/p>\n\n\n\n<p><strong>Samatos skai\u010diavimas (kapin\u0117se arba telefonu) nemokamas !!!<\/strong><\/p>\n\n\n\n<p>Paminkl\u0173 bei kit\u0173 akmens gamini\u0173 gamyba bei montavimas, vizualizacij\u0173 brai\u017eymas, pamat\u0173 betonavimas, trinkeli\u0173 klojimas, kapavie\u010di\u0173 gerb\u016bvio tvarkymas, raid\u017ei\u0173 kalimas, kapavie\u010di\u0173 dengimas plok\u0161t\u0117mis, sen\u0173 kapavie\u010di\u0173 restauravimas, terasini\u0173 pamat\u0173 atnaujinimas <strong>visiems darbams suteikiama garantija!<\/strong><\/p>\n\n\n\n<p><\/p>\n","protected":false},"excerpt":{"rendered":"<p>Mus rasite: Vaidoto g. 52B Kaunas (netoli Panemun\u0117s kapini\u0173) Didel\u0117 patirtis kapavie\u010di\u0173 remonte, bei auk\u0161tasis in\u017einerinis i\u0161silavinimas u\u017etikrina auk\u0161ta padaryt\u0173 darb\u0173 kokyb\u0119, bei tvarius ir ilgaam\u017ei\u0161kus sprendimus kapavie\u010di\u0173 tvarkymo srityje. Puikus kainos ir kokyb\u0117s santykis leid\u017eia klientams d\u017eiaugtis i\u0161pildytais suplanuot\u0173 darb\u0173 sprendiniais . Pagrindin\u0117 darbo teritorija yra Kauno apskrityje, ta\u010diau dirbame visoje Lietuvoje. Samatos skai\u010diavimas [&hellip;]<\/p>\n","protected":false},"author":1,"featured_media":0,"parent":0,"menu_order":0,"comment_status":"closed","ping_status":"closed","template":"","meta":{"site-sidebar-layout":"default","site-content-layout":"default","ast-site-content-layout":"default","site-content-style":"default","site-sidebar-style":"default","ast-global-header-display":"","ast-banner-title-visibility":"","ast-main-header-display":"","ast-hfb-above-header-display":"","ast-hfb-below-header-display":"","ast-hfb-mobile-header-display":"","site-post-title":"","ast-breadcrumbs-content":"","ast-featured-img":"","footer-sml-layout":"","ast-disable-related-posts":"","theme-transparent-header-meta":"default","adv-header-id-meta":"","stick-header-meta":"","header-above-stick-meta":"","header-main-stick-meta":"","header-below-stick-meta":"","astra-migrate-meta-layouts":"set","ast-page-background-enabled":"default","ast-page-background-meta":{"desktop":{"background-color":"var(--ast-global-color-4)","background-image":"","background-repeat":"repeat","background-position":"center center","background-size":"auto","background-attachment":"scroll","background-type":"","background-media":"","overlay-type":"","overlay-color":"","overlay-opacity":"","overlay-gradient":""},"tablet":{"background-color":"","background-image":"","background-repeat":"repeat","background-position":"center center","background-size":"auto","background-attachment":"scroll","background-type":"","background-media":"","overlay-type":"","overlay-color":"","overlay-opacity":"","overlay-gradient":""},"mobile":{"background-color":"","background-image":"","background-repeat":"repeat","background-position":"center center","background-size":"auto","background-attachment":"scroll","background-type":"","background-media":"","overlay-type":"","overlay-color":"","overlay-opacity":"","overlay-gradient":""}},"ast-content-background-meta":{"desktop":{"background-color":"var(--ast-global-color-5)","background-image":"","background-repeat":"repeat","background-position":"center center","background-size":"auto","background-attachment":"scroll","background-type":"","background-media":"","overlay-type":"","overlay-color":"","overlay-opacity":"","overlay-gradient":""},"tablet":{"background-color":"var(--ast-global-color-5)","background-image":"","background-repeat":"repeat","background-position":"center center","background-size":"auto","background-attachment":"scroll","background-type":"","background-media":"","overlay-type":"","overlay-color":"","overlay-opacity":"","overlay-gradient":""},"mobile":{"background-color":"var(--ast-global-color-5)","background-image":"","background-repeat":"repeat","background-position":"center center","background-size":"auto","background-attachment":"scroll","background-type":"","background-media":"","overlay-type":"","overlay-color":"","overlay-opacity":"","overlay-gradient":""}},"footnotes":""},"class_list":["post-585","page","type-page","status-publish","hentry"],"_links":{"self":[{"href":"https:\/\/idejoskapams.lt\/index.php?rest_route=\/wp\/v2\/pages\/585","targetHints":{"allow":["GET"]}}],"collection":[{"href":"https:\/\/idejoskapams.lt\/index.php?rest_route=\/wp\/v2\/pages"}],"about":[{"href":"https:\/\/idejoskapams.lt\/index.php?rest_route=\/wp\/v2\/types\/page"}],"author":[{"embeddable":true,"href":"https:\/\/idejoskapams.lt\/index.php?rest_route=\/wp\/v2\/users\/1"}],"replies":[{"embeddable":true,"href":"https:\/\/idejoskapams.lt\/index.php?rest_route=%2Fwp%2Fv2%2Fcomments&post=585"}],"version-history":[{"count":13,"href":"https:\/\/idejoskapams.lt\/index.php?rest_route=\/wp\/v2\/pages\/585\/revisions"}],"predecessor-version":[{"id":689,"href":"https:\/\/idejoskapams.lt\/index.php?rest_route=\/wp\/v2\/pages\/585\/revisions\/689"}],"wp:attachment":[{"href":"https:\/\/idejoskapams.lt\/index.php?rest_route=%2Fwp%2Fv2%2Fmedia&parent=585"}],"curies":[{"name":"wp","href":"https:\/\/api.w.org\/{rel}","templated":true}]}}