{"id":583,"date":"2021-02-09T12:35:10","date_gmt":"2021-02-09T12:35:10","guid":{"rendered":"http:\/\/idejoskapams.lt\/?page_id=583"},"modified":"2025-03-06T11:50:31","modified_gmt":"2025-03-06T11:50:31","slug":"atliekami-darbai","status":"publish","type":"page","link":"https:\/\/idejoskapams.lt\/?page_id=583","title":{"rendered":"Atliekami darbai"},"content":{"rendered":"\n<p class=\"has-black-color has-text-color has-link-color has-medium-font-size wp-elements-c38187d0d44c7fa3c77f51ba952c354c\"><strong>Gaminame akmens gaminius;<\/strong><\/p>\n\n\n\n<p class=\"has-text-align-left has-black-color has-text-color has-link-color has-medium-font-size wp-elements-fd930bbd03a5f0113700342f903d789c\"><span class=\"has-inline-color has-black-color\"><strong>dengiame kapus plok\u0161t\u0117mis;<\/strong><\/span><\/p>\n\n\n\n<p class=\"has-text-align-left has-black-color has-text-color has-link-color has-medium-font-size wp-elements-f778eff06a3def87111c91ec33394f5b\"><strong>m<span class=\"has-inline-color has-black-color\">ontuojame paminklus bei tvoreles;       <\/span><\/strong><\/p>\n\n\n\n<p class=\"has-text-align-left has-black-color has-text-color has-link-color has-medium-font-size wp-elements-1e650999805c4b1eedd12af0bbc53963\"><strong><span class=\"has-inline-color has-black-color\">restauruojame kapus<\/span><\/strong>;<\/p>\n\n\n\n<p class=\"has-black-color has-text-color has-link-color has-medium-font-size wp-elements-e3d6dc113ded2dccb62148adce46d7ff\"><strong><span class=\"has-inline-color has-black-color\">\u0161lifuojame terasas<\/span><\/strong>;<\/p>\n\n\n\n<p class=\"has-black-color has-text-color has-link-color has-medium-font-size wp-elements-96b3672f57c781d081cf0dffea9e5fcd\"><strong><span class=\"has-inline-color has-black-color\">formuojame g\u0117lynus<\/span><\/strong>;<\/p>\n\n\n\n<p class=\"has-black-color has-text-color has-link-color has-medium-font-size wp-elements-c4d17bc93870f1f24f9c7957e75edf3e\"><strong><span class=\"has-inline-color has-black-color\">u\u017eve\u017eame skaldel\u0119<\/span><\/strong>;<\/p>\n\n\n\n<p class=\"has-black-color has-text-color has-link-color has-medium-font-size wp-elements-6687a8b9a426610b427bec0226148a15\"><strong>dedame \u012fvairias plyteles bei trinkeles;<\/strong><\/p>\n\n\n\n<p class=\"has-black-color has-text-color has-link-color has-medium-font-size wp-elements-c527d5eda90eb050df344956b923813d\"><strong>kalame bei montuojame metalines raides;<\/strong><\/p>\n\n\n\n<p class=\"has-black-color has-text-color has-link-color has-medium-font-size wp-elements-07d7ff9151eaf722cb130f55bafd9f53\"><strong>didelis \u017evakid\u017ei\u0173 bei vaz\u0173 pasirinkimas;<\/strong><\/p>\n\n\n\n<p><\/p>\n\n\n\n<p class=\"has-text-align-left\"><\/p>\n\n\n\n<p><\/p>\n","protected":false},"excerpt":{"rendered":"<p>Gaminame akmens gaminius; dengiame kapus plok\u0161t\u0117mis; montuojame paminklus bei tvoreles; restauruojame kapus; \u0161lifuojame terasas; formuojame g\u0117lynus; u\u017eve\u017eame skaldel\u0119; dedame \u012fvairias plyteles bei trinkeles; kalame bei montuojame metalines raides; didelis \u017evakid\u017ei\u0173 bei vaz\u0173 pasirinkimas;<\/p>\n","protected":false},"author":1,"featured_media":0,"parent":0,"menu_order":0,"comment_status":"closed","ping_status":"closed","template":"","meta":{"site-sidebar-layout":"default","site-content-layout":"default","ast-site-content-layout":"default","site-content-style":"default","site-sidebar-style":"default","ast-global-header-display":"","ast-banner-title-visibility":"","ast-main-header-display":"","ast-hfb-above-header-display":"","ast-hfb-below-header-display":"","ast-hfb-mobile-header-display":"","site-post-title":"","ast-breadcrumbs-content":"","ast-featured-img":"","footer-sml-layout":"","ast-disable-related-posts":"","theme-transparent-header-meta":"default","adv-header-id-meta":"","stick-header-meta":"","header-above-stick-meta":"","header-main-stick-meta":"","header-below-stick-meta":"","astra-migrate-meta-layouts":"set","ast-page-background-enabled":"default","ast-page-background-meta":{"desktop":{"background-color":"var(--ast-global-color-4)","background-image":"","background-repeat":"repeat","background-position":"center center","background-size":"auto","background-attachment":"scroll","background-type":"","background-media":"","overlay-type":"","overlay-color":"","overlay-opacity":"","overlay-gradient":""},"tablet":{"background-color":"","background-image":"","background-repeat":"repeat","background-position":"center center","background-size":"auto","background-attachment":"scroll","background-type":"","background-media":"","overlay-type":"","overlay-color":"","overlay-opacity":"","overlay-gradient":""},"mobile":{"background-color":"","background-image":"","background-repeat":"repeat","background-position":"center center","background-size":"auto","background-attachment":"scroll","background-type":"","background-media":"","overlay-type":"","overlay-color":"","overlay-opacity":"","overlay-gradient":""}},"ast-content-background-meta":{"desktop":{"background-color":"var(--ast-global-color-5)","background-image":"","background-repeat":"repeat","background-position":"center center","background-size":"auto","background-attachment":"scroll","background-type":"","background-media":"","overlay-type":"","overlay-color":"","overlay-opacity":"","overlay-gradient":""},"tablet":{"background-color":"var(--ast-global-color-5)","background-image":"","background-repeat":"repeat","background-position":"center center","background-size":"auto","background-attachment":"scroll","background-type":"","background-media":"","overlay-type":"","overlay-color":"","overlay-opacity":"","overlay-gradient":""},"mobile":{"background-color":"var(--ast-global-color-5)","background-image":"","background-repeat":"repeat","background-position":"center center","background-size":"auto","background-attachment":"scroll","background-type":"","background-media":"","overlay-type":"","overlay-color":"","overlay-opacity":"","overlay-gradient":""}},"footnotes":""},"class_list":["post-583","page","type-page","status-publish","hentry"],"_links":{"self":[{"href":"https:\/\/idejoskapams.lt\/index.php?rest_route=\/wp\/v2\/pages\/583","targetHints":{"allow":["GET"]}}],"collection":[{"href":"https:\/\/idejoskapams.lt\/index.php?rest_route=\/wp\/v2\/pages"}],"about":[{"href":"https:\/\/idejoskapams.lt\/index.php?rest_route=\/wp\/v2\/types\/page"}],"author":[{"embeddable":true,"href":"https:\/\/idejoskapams.lt\/index.php?rest_route=\/wp\/v2\/users\/1"}],"replies":[{"embeddable":true,"href":"https:\/\/idejoskapams.lt\/index.php?rest_route=%2Fwp%2Fv2%2Fcomments&post=583"}],"version-history":[{"count":6,"href":"https:\/\/idejoskapams.lt\/index.php?rest_route=\/wp\/v2\/pages\/583\/revisions"}],"predecessor-version":[{"id":685,"href":"https:\/\/idejoskapams.lt\/index.php?rest_route=\/wp\/v2\/pages\/583\/revisions\/685"}],"wp:attachment":[{"href":"https:\/\/idejoskapams.lt\/index.php?rest_route=%2Fwp%2Fv2%2Fmedia&parent=583"}],"curies":[{"name":"wp","href":"https:\/\/api.w.org\/{rel}","templated":true}]}}