{"id":577,"date":"2021-02-09T12:29:09","date_gmt":"2021-02-09T12:29:09","guid":{"rendered":"http:\/\/idejoskapams.lt\/?page_id=577"},"modified":"2025-03-06T12:02:10","modified_gmt":"2025-03-06T12:02:10","slug":"kainos","status":"publish","type":"page","link":"https:\/\/idejoskapams.lt\/?page_id=577","title":{"rendered":"kainos"},"content":{"rendered":"\n<p><mark style=\"background-color:rgba(0, 0, 0, 0)\" class=\"has-inline-color has-vivid-red-color\"><strong>Nurodytos kainos yra orientacin\u0117s, kiekvienam individualiam atvejui apskai\u010diuojamos sudarin\u0117jant samat\u0105 kapin\u0117se arba telefonu !!!<\/strong><\/mark><\/p>\n\n\n\n<p class=\"has-ast-global-color-8-color has-text-color has-link-color wp-elements-7cc740e1170907fda524969e8409dccb\" style=\"font-size:18px\"><strong>Pamat\u0173 liejimas &#8211; nuo 200eur\u0173 u\u017e vnt.<\/strong><\/p>\n\n\n\n<p class=\"has-ast-global-color-8-color has-text-color has-link-color wp-elements-f3f50606c3466cbfc195552f905145d0\" style=\"font-size:18px\"><strong>Trinkeli\u0173 klojimas &#8211; nuo 90eur\u0173 u\u017e kvadratin\u012f metr\u0105.<\/strong><\/p>\n\n\n\n<p class=\"has-ast-global-color-8-color has-text-color has-link-color wp-elements-aad4c1d5fef137141ee3eb4b57400543\" style=\"font-size:18px\"><strong>Paminkai &#8211; nuo 120eur\u0173 u\u017e vnt.<\/strong><\/p>\n\n\n\n<p class=\"has-ast-global-color-8-color has-text-color has-link-color wp-elements-8dd597ef7b6e344dfd2223d2f44c39e2\" style=\"font-size:18px\"><strong>Tvorel\u0117 (akmenin\u0117, klijuojama ant pamato)  &#8211; nuo 40eur\u0173 u\u017e b\u0117gin\u012f metr\u0105.<\/strong><\/p>\n\n\n\n<p class=\"has-ast-global-color-8-color has-text-color has-link-color wp-elements-7b25e08472f21394958d31d3bc828638\" style=\"font-size:18px\"><strong>Mozaikin\u0117 strukt\u016bra pamatui &#8211; nuo 150eur\u0173 u\u017e vnt.<\/strong><\/p>\n\n\n\n<p class=\"has-ast-global-color-8-color has-text-color has-link-color wp-elements-934c2642e55848970bf621bfe22aa206\" style=\"font-size:18px\"><strong>Paminklo bei tvorel\u0117s montavimas &#8211; nuo 100eur\u0173 u\u017e vnt.<\/strong><\/p>\n\n\n\n<p class=\"has-ast-global-color-8-color has-text-color has-link-color wp-elements-c54e503f81c926f4d807399a36a134e1\" style=\"font-size:18px\"><strong>Gerb\u016bvio tvarkymas- nuo 80eur\u0173 u\u017e vnt.<\/strong><\/p>\n\n\n\n<p class=\"has-ast-global-color-8-color has-text-color has-link-color wp-elements-ca3fec9a384560d874599a365e2cb28b\" style=\"font-size:18px\"><strong>Plok\u0161t\u0117s nuo 150eur\u0173 u\u017e m2.<\/strong><\/p>\n\n\n\n<p class=\"has-ast-global-color-8-color has-text-color has-link-color wp-elements-1294a74197382b494bd137e2eab711c7\" style=\"font-size:18px\"><strong>Terasos \u0161lifavimas nuo 150eur\u0173 u\u017e vnt<\/strong>.<\/p>\n\n\n\n<p class=\"has-ast-global-color-8-color has-text-color has-link-color wp-elements-a8007ea49b20b251faf28b6130abc451\" style=\"font-size:18px\"><strong>Raid\u017ei\u0173 kalimas (ne kapin\u0117se) nuo 3eur\u0173 u\u017e vnt.<\/strong><\/p>\n\n\n\n<p class=\"has-ast-global-color-8-color has-text-color has-link-color wp-elements-562cafef6b7f8ef0ed43428695897f61\" style=\"font-size:18px\"><strong>Akmenini\u0173 \u017evakid\u017ei\u0173 kainos nuo 90eur\u0173 u\u017e vnt.<\/strong><\/p>\n\n\n\n<p class=\"has-ast-global-color-8-color has-text-color has-link-color wp-elements-3787e0799d3e9abfd4e4fbe879059c71\" style=\"font-size:18px\"><strong>Vaz\u0173 kainos nuo 40eur\u0173 u\u017e vnt.<\/strong><\/p>\n\n\n\n<p><\/p>\n","protected":false},"excerpt":{"rendered":"<p>Nurodytos kainos yra orientacin\u0117s, kiekvienam individualiam atvejui apskai\u010diuojamos sudarin\u0117jant samat\u0105 kapin\u0117se arba telefonu !!! Pamat\u0173 liejimas &#8211; nuo 200eur\u0173 u\u017e vnt. Trinkeli\u0173 klojimas &#8211; nuo 90eur\u0173 u\u017e kvadratin\u012f metr\u0105. Paminkai &#8211; nuo 120eur\u0173 u\u017e vnt. Tvorel\u0117 (akmenin\u0117, klijuojama ant pamato) &#8211; nuo 40eur\u0173 u\u017e b\u0117gin\u012f metr\u0105. Mozaikin\u0117 strukt\u016bra pamatui &#8211; nuo 150eur\u0173 u\u017e vnt. Paminklo [&hellip;]<\/p>\n","protected":false},"author":1,"featured_media":0,"parent":0,"menu_order":0,"comment_status":"closed","ping_status":"closed","template":"","meta":{"site-sidebar-layout":"default","site-content-layout":"default","ast-site-content-layout":"default","site-content-style":"default","site-sidebar-style":"default","ast-global-header-display":"","ast-banner-title-visibility":"","ast-main-header-display":"","ast-hfb-above-header-display":"","ast-hfb-below-header-display":"","ast-hfb-mobile-header-display":"","site-post-title":"","ast-breadcrumbs-content":"","ast-featured-img":"","footer-sml-layout":"","ast-disable-related-posts":"","theme-transparent-header-meta":"default","adv-header-id-meta":"","stick-header-meta":"","header-above-stick-meta":"","header-main-stick-meta":"","header-below-stick-meta":"","astra-migrate-meta-layouts":"set","ast-page-background-enabled":"default","ast-page-background-meta":{"desktop":{"background-color":"var(--ast-global-color-4)","background-image":"","background-repeat":"repeat","background-position":"center center","background-size":"auto","background-attachment":"scroll","background-type":"","background-media":"","overlay-type":"","overlay-color":"","overlay-opacity":"","overlay-gradient":""},"tablet":{"background-color":"","background-image":"","background-repeat":"repeat","background-position":"center center","background-size":"auto","background-attachment":"scroll","background-type":"","background-media":"","overlay-type":"","overlay-color":"","overlay-opacity":"","overlay-gradient":""},"mobile":{"background-color":"","background-image":"","background-repeat":"repeat","background-position":"center center","background-size":"auto","background-attachment":"scroll","background-type":"","background-media":"","overlay-type":"","overlay-color":"","overlay-opacity":"","overlay-gradient":""}},"ast-content-background-meta":{"desktop":{"background-color":"var(--ast-global-color-5)","background-image":"","background-repeat":"repeat","background-position":"center center","background-size":"auto","background-attachment":"scroll","background-type":"","background-media":"","overlay-type":"","overlay-color":"","overlay-opacity":"","overlay-gradient":""},"tablet":{"background-color":"var(--ast-global-color-5)","background-image":"","background-repeat":"repeat","background-position":"center center","background-size":"auto","background-attachment":"scroll","background-type":"","background-media":"","overlay-type":"","overlay-color":"","overlay-opacity":"","overlay-gradient":""},"mobile":{"background-color":"var(--ast-global-color-5)","background-image":"","background-repeat":"repeat","background-position":"center center","background-size":"auto","background-attachment":"scroll","background-type":"","background-media":"","overlay-type":"","overlay-color":"","overlay-opacity":"","overlay-gradient":""}},"footnotes":""},"class_list":["post-577","page","type-page","status-publish","hentry"],"_links":{"self":[{"href":"https:\/\/idejoskapams.lt\/index.php?rest_route=\/wp\/v2\/pages\/577","targetHints":{"allow":["GET"]}}],"collection":[{"href":"https:\/\/idejoskapams.lt\/index.php?rest_route=\/wp\/v2\/pages"}],"about":[{"href":"https:\/\/idejoskapams.lt\/index.php?rest_route=\/wp\/v2\/types\/page"}],"author":[{"embeddable":true,"href":"https:\/\/idejoskapams.lt\/index.php?rest_route=\/wp\/v2\/users\/1"}],"replies":[{"embeddable":true,"href":"https:\/\/idejoskapams.lt\/index.php?rest_route=%2Fwp%2Fv2%2Fcomments&post=577"}],"version-history":[{"count":5,"href":"https:\/\/idejoskapams.lt\/index.php?rest_route=\/wp\/v2\/pages\/577\/revisions"}],"predecessor-version":[{"id":687,"href":"https:\/\/idejoskapams.lt\/index.php?rest_route=\/wp\/v2\/pages\/577\/revisions\/687"}],"wp:attachment":[{"href":"https:\/\/idejoskapams.lt\/index.php?rest_route=%2Fwp%2Fv2%2Fmedia&parent=577"}],"curies":[{"name":"wp","href":"https:\/\/api.w.org\/{rel}","templated":true}]}}